{"id":220,"date":"2023-04-09T11:29:32","date_gmt":"2023-04-09T11:29:32","guid":{"rendered":"https:\/\/www.mehmetemincavus.com\/?page_id=220"},"modified":"2023-06-20T22:49:40","modified_gmt":"2023-06-20T22:49:40","slug":"about-me","status":"publish","type":"page","link":"https:\/\/www.mehmetemincavus.com\/en\/about-me\/","title":{"rendered":"About Me"},"content":{"rendered":"\t\t<div data-elementor-type=\"wp-page\" data-elementor-id=\"220\" class=\"elementor elementor-220\">\n\t\t\t\t\t\t\t\t\t<section class=\"elementor-section elementor-top-section elementor-element elementor-element-4459737 elementor-section-boxed elementor-section-height-default elementor-section-height-default\" data-id=\"4459737\" data-element_type=\"section\" data-settings=\"{&quot;background_background&quot;:&quot;classic&quot;}\">\n\t\t\t\t\t\t\t<div class=\"elementor-background-overlay\"><\/div>\n\t\t\t\t\t\t\t<div class=\"elementor-container elementor-column-gap-default\">\n\t\t\t\t\t<div class=\"elementor-column elementor-col-50 elementor-top-column elementor-element elementor-element-614d0bd9\" data-id=\"614d0bd9\" data-element_type=\"column\">\n\t\t\t<div class=\"elementor-widget-wrap elementor-element-populated\">\n\t\t\t\t\t\t\t\t<div class=\"elementor-element elementor-element-59667bab elementor-icon-list--layout-inline elementor-list-item-link-full_width elementor-widget elementor-widget-icon-list\" data-id=\"59667bab\" data-element_type=\"widget\" data-widget_type=\"icon-list.default\">\n\t\t\t\t<div class=\"elementor-widget-container\">\n\t\t\t<link rel=\"stylesheet\" href=\"https:\/\/www.mehmetemincavus.com\/en\/wp-content\/plugins\/elementor\/assets\/css\/widget-icon-list.min.css\">\t\t<ul class=\"elementor-icon-list-items elementor-inline-items\">\n\t\t\t\t\t\t\t<li class=\"elementor-icon-list-item elementor-inline-item\">\n\t\t\t\t\t\t\t\t\t\t\t<a href=\"https:\/\/www.mehmetemincavus.com\/en\">\n\n\t\t\t\t\t\t\t\t\t\t\t<span class=\"elementor-icon-list-text\">Home<\/span>\n\t\t\t\t\t\t\t\t\t\t\t<\/a>\n\t\t\t\t\t\t\t\t\t<\/li>\n\t\t\t\t\t\t\t\t<li class=\"elementor-icon-list-item elementor-inline-item\">\n\t\t\t\t\t\t\t\t\t\t\t<a href=\"https:\/\/www.mehmetemincavus.com\/en\/about-me\/\">\n\n\t\t\t\t\t\t\t\t\t\t\t\t<span class=\"elementor-icon-list-icon\">\n\t\t\t\t\t\t\t<i aria-hidden=\"true\" class=\"fas fa-caret-right\"><\/i>\t\t\t\t\t\t<\/span>\n\t\t\t\t\t\t\t\t\t\t<span class=\"elementor-icon-list-text\"><\/span>\n\t\t\t\t\t\t\t\t\t\t\t<\/a>\n\t\t\t\t\t\t\t\t\t<\/li>\n\t\t\t\t\t\t<\/ul>\n\t\t\t\t<\/div>\n\t\t\t\t<\/div>\n\t\t\t\t<div class=\"elementor-element elementor-element-1336d552 elementor-widget elementor-widget-text-editor\" data-id=\"1336d552\" data-element_type=\"widget\" data-widget_type=\"text-editor.default\">\n\t\t\t\t<div class=\"elementor-widget-container\">\n\t\t\t<style>\/*! elementor - v3.14.0 - 26-06-2023 *\/\n.elementor-widget-text-editor.elementor-drop-cap-view-stacked .elementor-drop-cap{background-color:#69727d;color:#fff}.elementor-widget-text-editor.elementor-drop-cap-view-framed .elementor-drop-cap{color:#69727d;border:3px solid;background-color:transparent}.elementor-widget-text-editor:not(.elementor-drop-cap-view-default) .elementor-drop-cap{margin-top:8px}.elementor-widget-text-editor:not(.elementor-drop-cap-view-default) .elementor-drop-cap-letter{width:1em;height:1em}.elementor-widget-text-editor .elementor-drop-cap{float:left;text-align:center;line-height:1;font-size:50px}.elementor-widget-text-editor .elementor-drop-cap-letter{display:inline-block}<\/style>\t\t\t\t<p>Op. Dr. Mehmet Emin \u00c7avu\u015f<\/p>\t\t\t\t\t\t<\/div>\n\t\t\t\t<\/div>\n\t\t\t\t\t<\/div>\n\t\t<\/div>\n\t\t\t\t<div class=\"elementor-column elementor-col-50 elementor-top-column elementor-element elementor-element-3bd7ad1d\" data-id=\"3bd7ad1d\" data-element_type=\"column\">\n\t\t\t<div class=\"elementor-widget-wrap\">\n\t\t\t\t\t\t\t\t\t<\/div>\n\t\t<\/div>\n\t\t\t\t\t\t\t<\/div>\n\t\t<\/section>\n\t\t\t\t<section class=\"elementor-section elementor-top-section elementor-element elementor-element-71cf054c elementor-section-boxed elementor-section-height-default elementor-section-height-default\" data-id=\"71cf054c\" data-element_type=\"section\">\n\t\t\t\t\t\t<div class=\"elementor-container elementor-column-gap-default\">\n\t\t\t\t\t<div class=\"elementor-column elementor-col-50 elementor-top-column elementor-element elementor-element-388da060\" data-id=\"388da060\" data-element_type=\"column\">\n\t\t\t<div class=\"elementor-widget-wrap elementor-element-populated\">\n\t\t\t\t\t\t\t\t<div class=\"elementor-element elementor-element-6e739b1 elementor-widget elementor-widget-image\" data-id=\"6e739b1\" data-element_type=\"widget\" data-widget_type=\"image.default\">\n\t\t\t\t<div class=\"elementor-widget-container\">\n\t\t\t<style>\/*! elementor - v3.14.0 - 26-06-2023 *\/\n.elementor-widget-image{text-align:center}.elementor-widget-image a{display:inline-block}.elementor-widget-image a img[src$=\".svg\"]{width:48px}.elementor-widget-image img{vertical-align:middle;display:inline-block}<\/style>\t\t\t\t\t\t\t\t\t\t\t\t<img decoding=\"async\" width=\"1024\" height=\"768\" src=\"https:\/\/www.mehmetemincavus.com\/en\/wp-content\/uploads\/2023\/04\/WhatsApp-Image-2023-03-24-at-18.33.53-1-1024x768.jpeg\" class=\"attachment-large size-large wp-image-304\" alt=\"\" srcset=\"https:\/\/www.mehmetemincavus.com\/en\/wp-content\/uploads\/2023\/04\/WhatsApp-Image-2023-03-24-at-18.33.53-1-1024x768.jpeg 1024w, https:\/\/www.mehmetemincavus.com\/en\/wp-content\/uploads\/2023\/04\/WhatsApp-Image-2023-03-24-at-18.33.53-1-300x225.jpeg 300w, https:\/\/www.mehmetemincavus.com\/en\/wp-content\/uploads\/2023\/04\/WhatsApp-Image-2023-03-24-at-18.33.53-1-768x576.jpeg 768w, https:\/\/www.mehmetemincavus.com\/en\/wp-content\/uploads\/2023\/04\/WhatsApp-Image-2023-03-24-at-18.33.53-1-1536x1152.jpeg 1536w, https:\/\/www.mehmetemincavus.com\/en\/wp-content\/uploads\/2023\/04\/WhatsApp-Image-2023-03-24-at-18.33.53-1.jpeg 2048w\" sizes=\"(max-width: 1024px) 100vw, 1024px\" \/>\t\t\t\t\t\t\t\t\t\t\t\t\t\t\t<\/div>\n\t\t\t\t<\/div>\n\t\t\t\t\t<\/div>\n\t\t<\/div>\n\t\t\t\t<div class=\"elementor-column elementor-col-50 elementor-top-column elementor-element elementor-element-1c693244\" data-id=\"1c693244\" data-element_type=\"column\">\n\t\t\t<div class=\"elementor-widget-wrap elementor-element-populated\">\n\t\t\t\t\t\t\t\t<div class=\"elementor-element elementor-element-6c766fe1 elementor-widget__width-auto elementor-absolute elementor-view-default elementor-widget elementor-widget-icon\" data-id=\"6c766fe1\" data-element_type=\"widget\" data-settings=\"{&quot;_position&quot;:&quot;absolute&quot;}\" data-widget_type=\"icon.default\">\n\t\t\t\t<div class=\"elementor-widget-container\">\n\t\t\t\t\t<div class=\"elementor-icon-wrapper\">\n\t\t\t<div class=\"elementor-icon\">\n\t\t\t<i aria-hidden=\"true\" class=\"fas fa-square\"><\/i>\t\t\t<\/div>\n\t\t<\/div>\n\t\t\t\t<\/div>\n\t\t\t\t<\/div>\n\t\t\t\t<div class=\"elementor-element elementor-element-20434997 elementor-widget__width-auto elementor-absolute elementor-view-default elementor-widget elementor-widget-icon\" data-id=\"20434997\" data-element_type=\"widget\" data-settings=\"{&quot;_position&quot;:&quot;absolute&quot;}\" data-widget_type=\"icon.default\">\n\t\t\t\t<div class=\"elementor-widget-container\">\n\t\t\t\t\t<div class=\"elementor-icon-wrapper\">\n\t\t\t<div class=\"elementor-icon\">\n\t\t\t<i aria-hidden=\"true\" class=\"far fa-square\"><\/i>\t\t\t<\/div>\n\t\t<\/div>\n\t\t\t\t<\/div>\n\t\t\t\t<\/div>\n\t\t\t\t<div class=\"elementor-element elementor-element-6e50ae84 elementor-invisible elementor-widget elementor-widget-heading\" data-id=\"6e50ae84\" data-element_type=\"widget\" data-settings=\"{&quot;_animation&quot;:&quot;fadeInUp&quot;}\" data-widget_type=\"heading.default\">\n\t\t\t\t<div class=\"elementor-widget-container\">\n\t\t\t<style>\/*! elementor - v3.14.0 - 26-06-2023 *\/\n.elementor-heading-title{padding:0;margin:0;line-height:1}.elementor-widget-heading .elementor-heading-title[class*=elementor-size-]>a{color:inherit;font-size:inherit;line-height:inherit}.elementor-widget-heading .elementor-heading-title.elementor-size-small{font-size:15px}.elementor-widget-heading .elementor-heading-title.elementor-size-medium{font-size:19px}.elementor-widget-heading .elementor-heading-title.elementor-size-large{font-size:29px}.elementor-widget-heading .elementor-heading-title.elementor-size-xl{font-size:39px}.elementor-widget-heading .elementor-heading-title.elementor-size-xxl{font-size:59px}<\/style><span class=\"elementor-heading-title elementor-size-default\">About Me<\/span>\t\t<\/div>\n\t\t\t\t<\/div>\n\t\t\t\t<div class=\"elementor-element elementor-element-331ab900 elementor-invisible elementor-widget elementor-widget-heading\" data-id=\"331ab900\" data-element_type=\"widget\" data-settings=\"{&quot;_animation&quot;:&quot;fadeInUp&quot;,&quot;_animation_delay&quot;:200}\" data-widget_type=\"heading.default\">\n\t\t\t\t<div class=\"elementor-widget-container\">\n\t\t\t<h3 class=\"elementor-heading-title elementor-size-default\">Op. Dr. Mehmet Emin \u00c7avu\u015f<\/h3>\t\t<\/div>\n\t\t\t\t<\/div>\n\t\t\t\t<div class=\"elementor-element elementor-element-290e4dd9 elementor-widget elementor-widget-text-editor\" data-id=\"290e4dd9\" data-element_type=\"widget\" data-widget_type=\"text-editor.default\">\n\t\t\t\t<div class=\"elementor-widget-container\">\n\t\t\t\t\t\t\t<p>In 2009, I graduated from Hacettepe Unv. Faculty of Medicine (ing.). I completed my otolaryngology residency in October 2014, which I started in Ankara D\u0131\u015fkap\u0131 Y\u0131ld\u0131r\u0131m Beyaz\u0131t Training and Research Hospital in December 2009.<\/p><p><span style=\"font-style: inherit; font-weight: inherit; color: var( --e-global-color-text ); font-family: var( --e-global-typography-text-font-family ), Sans-serif;\">During my residency training, I had the opportunity to undergo almost all surgeries in the ENT field. I worked as an ENT Specialist for about 7 years at Ankara Polatl\u0131 State Hospital and D\u0131\u015fkap\u0131 Y\u0131ld\u0131r\u0131m Beyaz\u0131t Training and Research Hospital.<\/span><\/p><p><span style=\"font-style: inherit; font-weight: inherit; color: var( --e-global-color-text ); font-family: var( --e-global-typography-text-font-family ), Sans-serif;\">In 2017, I was entitled to receive Turkish ENT qualification certificate and European ENT qualification certificate in 2019. After specialization, I focused on nasal diseases and surgery, which is my special interest. I performed functional nasal surgeries and aesthetic nose surgeries.<\/span><\/p><p><span style=\"font-style: inherit; font-weight: inherit; color: var( --e-global-color-text ); font-family: var( --e-global-typography-text-font-family ), Sans-serif;\">As of August 2021, I left my public office and started working in my own practice. I am married and have two children.<\/span><\/p>\t\t\t\t\t\t<\/div>\n\t\t\t\t<\/div>\n\t\t\t\t<div class=\"elementor-element elementor-element-41c704f6 elementor-widget-divider--view-line elementor-widget elementor-widget-divider\" data-id=\"41c704f6\" data-element_type=\"widget\" data-widget_type=\"divider.default\">\n\t\t\t\t<div class=\"elementor-widget-container\">\n\t\t\t<style>\/*! elementor - v3.14.0 - 26-06-2023 *\/\n.elementor-widget-divider{--divider-border-style:none;--divider-border-width:1px;--divider-color:#0c0d0e;--divider-icon-size:20px;--divider-element-spacing:10px;--divider-pattern-height:24px;--divider-pattern-size:20px;--divider-pattern-url:none;--divider-pattern-repeat:repeat-x}.elementor-widget-divider .elementor-divider{display:flex}.elementor-widget-divider .elementor-divider__text{font-size:15px;line-height:1;max-width:95%}.elementor-widget-divider .elementor-divider__element{margin:0 var(--divider-element-spacing);flex-shrink:0}.elementor-widget-divider .elementor-icon{font-size:var(--divider-icon-size)}.elementor-widget-divider .elementor-divider-separator{display:flex;margin:0;direction:ltr}.elementor-widget-divider--view-line_icon .elementor-divider-separator,.elementor-widget-divider--view-line_text .elementor-divider-separator{align-items:center}.elementor-widget-divider--view-line_icon .elementor-divider-separator:after,.elementor-widget-divider--view-line_icon .elementor-divider-separator:before,.elementor-widget-divider--view-line_text .elementor-divider-separator:after,.elementor-widget-divider--view-line_text .elementor-divider-separator:before{display:block;content:\"\";border-bottom:0;flex-grow:1;border-top:var(--divider-border-width) var(--divider-border-style) var(--divider-color)}.elementor-widget-divider--element-align-left .elementor-divider .elementor-divider-separator>.elementor-divider__svg:first-of-type{flex-grow:0;flex-shrink:100}.elementor-widget-divider--element-align-left .elementor-divider-separator:before{content:none}.elementor-widget-divider--element-align-left .elementor-divider__element{margin-left:0}.elementor-widget-divider--element-align-right .elementor-divider .elementor-divider-separator>.elementor-divider__svg:last-of-type{flex-grow:0;flex-shrink:100}.elementor-widget-divider--element-align-right .elementor-divider-separator:after{content:none}.elementor-widget-divider--element-align-right .elementor-divider__element{margin-right:0}.elementor-widget-divider:not(.elementor-widget-divider--view-line_text):not(.elementor-widget-divider--view-line_icon) .elementor-divider-separator{border-top:var(--divider-border-width) var(--divider-border-style) var(--divider-color)}.elementor-widget-divider--separator-type-pattern{--divider-border-style:none}.elementor-widget-divider--separator-type-pattern.elementor-widget-divider--view-line .elementor-divider-separator,.elementor-widget-divider--separator-type-pattern:not(.elementor-widget-divider--view-line) .elementor-divider-separator:after,.elementor-widget-divider--separator-type-pattern:not(.elementor-widget-divider--view-line) .elementor-divider-separator:before,.elementor-widget-divider--separator-type-pattern:not([class*=elementor-widget-divider--view]) .elementor-divider-separator{width:100%;min-height:var(--divider-pattern-height);-webkit-mask-size:var(--divider-pattern-size) 100%;mask-size:var(--divider-pattern-size) 100%;-webkit-mask-repeat:var(--divider-pattern-repeat);mask-repeat:var(--divider-pattern-repeat);background-color:var(--divider-color);-webkit-mask-image:var(--divider-pattern-url);mask-image:var(--divider-pattern-url)}.elementor-widget-divider--no-spacing{--divider-pattern-size:auto}.elementor-widget-divider--bg-round{--divider-pattern-repeat:round}.rtl .elementor-widget-divider .elementor-divider__text{direction:rtl}.e-con-inner>.elementor-widget-divider,.e-con>.elementor-widget-divider{width:var(--container-widget-width,100%);--flex-grow:var(--container-widget-flex-grow)}<\/style>\t\t<div class=\"elementor-divider\">\n\t\t\t<span class=\"elementor-divider-separator\">\n\t\t\t\t\t\t<\/span>\n\t\t<\/div>\n\t\t\t\t<\/div>\n\t\t\t\t<\/div>\n\t\t\t\t\t<\/div>\n\t\t<\/div>\n\t\t\t\t\t\t\t<\/div>\n\t\t<\/section>\n\t\t\t\t<section class=\"elementor-section elementor-top-section elementor-element elementor-element-3e5d56e1 elementor-reverse-tablet elementor-reverse-mobile elementor-section-boxed elementor-section-height-default elementor-section-height-default\" data-id=\"3e5d56e1\" data-element_type=\"section\" data-settings=\"{&quot;background_background&quot;:&quot;classic&quot;}\">\n\t\t\t\t\t\t\t<div class=\"elementor-background-overlay\"><\/div>\n\t\t\t\t\t\t\t<div class=\"elementor-container elementor-column-gap-default\">\n\t\t\t\t\t<div class=\"elementor-column elementor-col-50 elementor-top-column elementor-element elementor-element-57cb6ee4\" data-id=\"57cb6ee4\" data-element_type=\"column\">\n\t\t\t<div class=\"elementor-widget-wrap elementor-element-populated\">\n\t\t\t\t\t\t\t\t<div class=\"elementor-element elementor-element-9a8daaf elementor-view-framed elementor-shape-circle elementor-widget elementor-widget-icon\" data-id=\"9a8daaf\" data-element_type=\"widget\" data-widget_type=\"icon.default\">\n\t\t\t\t<div class=\"elementor-widget-container\">\n\t\t\t\t\t<div class=\"elementor-icon-wrapper\">\n\t\t\t<a class=\"elementor-icon\" href=\"#elementor-action%3Aaction%3Dlightbox%26settings%3DeyJ0eXBlIjoidmlkZW8iLCJ2aWRlb1R5cGUiOiJ5b3V0dWJlIiwidXJsIjoiaHR0cHM6XC9cL3d3dy55b3V0dWJlLmNvbVwvZW1iZWRcL1hIT21CVjRqc19FP2ZlYXR1cmU9b2VtYmVkIn0%3D\">\n\t\t\t<i aria-hidden=\"true\" class=\"fas fa-play\"><\/i>\t\t\t<\/a>\n\t\t<\/div>\n\t\t\t\t<\/div>\n\t\t\t\t<\/div>\n\t\t\t\t\t<\/div>\n\t\t<\/div>\n\t\t\t\t<div class=\"elementor-column elementor-col-50 elementor-top-column elementor-element elementor-element-580d64c4\" data-id=\"580d64c4\" data-element_type=\"column\">\n\t\t\t<div class=\"elementor-widget-wrap elementor-element-populated\">\n\t\t\t\t\t\t\t\t<div class=\"elementor-element elementor-element-36ad0a07 elementor-widget elementor-widget-heading\" data-id=\"36ad0a07\" data-element_type=\"widget\" data-widget_type=\"heading.default\">\n\t\t\t\t<div class=\"elementor-widget-container\">\n\t\t\t<h1 class=\"elementor-heading-title elementor-size-default\">Make a Free Appointment Now<\/h1>\t\t<\/div>\n\t\t\t\t<\/div>\n\t\t\t\t<div class=\"elementor-element elementor-element-ff41f0b elementor-widget elementor-widget-text-editor\" data-id=\"ff41f0b\" data-element_type=\"widget\" data-widget_type=\"text-editor.default\">\n\t\t\t\t<div class=\"elementor-widget-container\">\n\t\t\t\t\t\t\t<p>We keep our communication channels constantly updated for you and keep track of you. You can contact us anytime you wish.<\/p>\t\t\t\t\t\t<\/div>\n\t\t\t\t<\/div>\n\t\t\t\t<div class=\"elementor-element elementor-element-22b824d7 elementor-widget__width-auto elementor-widget elementor-widget-button\" data-id=\"22b824d7\" data-element_type=\"widget\" data-widget_type=\"button.default\">\n\t\t\t\t<div class=\"elementor-widget-container\">\n\t\t\t\t\t<div class=\"elementor-button-wrapper\">\n\t\t\t<a class=\"elementor-button elementor-button-link elementor-size-sm elementor-animation-float\" href=\"https:\/\/www.mehmetemincavus.com\/en\/contact\/\">\n\t\t\t\t\t\t<span class=\"elementor-button-content-wrapper\">\n\t\t\t\t\t\t<span class=\"elementor-button-text\">Contact<\/span>\n\t\t<\/span>\n\t\t\t\t\t<\/a>\n\t\t<\/div>\n\t\t\t\t<\/div>\n\t\t\t\t<\/div>\n\t\t\t\t<div class=\"elementor-element elementor-element-564e7945 elementor-widget__width-auto elementor-widget elementor-widget-button\" data-id=\"564e7945\" data-element_type=\"widget\" data-widget_type=\"button.default\">\n\t\t\t\t<div class=\"elementor-widget-container\">\n\t\t\t\t\t<div class=\"elementor-button-wrapper\">\n\t\t\t<a class=\"elementor-button elementor-button-link elementor-size-sm elementor-animation-float\" href=\"tel:+903129115282\">\n\t\t\t\t\t\t<span class=\"elementor-button-content-wrapper\">\n\t\t\t\t\t\t<span class=\"elementor-button-icon elementor-align-icon-left\">\n\t\t\t\t<i aria-hidden=\"true\" class=\"fas fa-phone-alt\"><\/i>\t\t\t<\/span>\n\t\t\t\t\t\t<span class=\"elementor-button-text\">+90 (312) 911 52 82<\/span>\n\t\t<\/span>\n\t\t\t\t\t<\/a>\n\t\t<\/div>\n\t\t\t\t<\/div>\n\t\t\t\t<\/div>\n\t\t\t\t\t<\/div>\n\t\t<\/div>\n\t\t\t\t\t\t\t<\/div>\n\t\t<\/section>\n\t\t\t\t\t\t\t<\/div>\n\t\t","protected":false},"excerpt":{"rendered":"<p>Home Op. Dr. Mehmet Emin \u00c7avu\u015f About Me Op. Dr. Mehmet Emin \u00c7avu\u015f In 2009, I graduated from Hacettepe Unv. Faculty of Medicine (ing.). I completed my otolaryngology residency in October 2014, which I started in Ankara D\u0131\u015fkap\u0131 Y\u0131ld\u0131r\u0131m Beyaz\u0131t Training and Research Hospital in December 2009. During my residency training, I had the opportunity &hellip;<\/p>\n<p class=\"read-more\"> <a class=\"\" href=\"https:\/\/www.mehmetemincavus.com\/en\/about-me\/\"> <span class=\"screen-reader-text\">About Me<\/span> Read More &raquo;<\/a><\/p>\n","protected":false},"author":1,"featured_media":0,"parent":0,"menu_order":0,"comment_status":"closed","ping_status":"closed","template":"elementor_canvas","meta":{"site-sidebar-layout":"no-sidebar","site-content-layout":"page-builder","ast-global-header-display":"","ast-main-header-display":"","ast-hfb-above-header-display":"","ast-hfb-below-header-display":"","ast-hfb-mobile-header-display":"","site-post-title":"disabled","ast-breadcrumbs-content":"","ast-featured-img":"disabled","footer-sml-layout":"","theme-transparent-header-meta":"","adv-header-id-meta":"","stick-header-meta":"","header-above-stick-meta":"","header-main-stick-meta":"","header-below-stick-meta":"","_joinchat":[],"footnotes":""},"class_list":["post-220","page","type-page","status-publish","hentry"],"yoast_head":"<!-- This site is optimized with the Yoast SEO plugin v20.10 - https:\/\/yoast.com\/wordpress\/plugins\/seo\/ -->\n<title>About Me - Op. Dr. Mehmet Emin \u00c7avu\u015f<\/title>\n<meta name=\"description\" content=\"Home Op. Dr. Mehmet Emin \u00c7avu\u015f About Me Op. Dr. Mehmet Emin \u00c7avu\u015f In 2009, I graduated from Hacettepe Unv. Faculty of Medicine (ing.). I completed my\" \/>\n<meta name=\"robots\" content=\"index, follow, max-snippet:-1, max-image-preview:large, max-video-preview:-1\" \/>\n<link rel=\"canonical\" href=\"https:\/\/www.mehmetemincavus.com\/en\/about-me\/\" \/>\n<meta property=\"og:locale\" content=\"en_US\" \/>\n<meta property=\"og:type\" content=\"article\" \/>\n<meta property=\"og:title\" content=\"About Me - Op. Dr. Mehmet Emin \u00c7avu\u015f\" \/>\n<meta property=\"og:description\" content=\"Home Op. Dr. Mehmet Emin \u00c7avu\u015f About Me Op. Dr. Mehmet Emin \u00c7avu\u015f In 2009, I graduated from Hacettepe Unv. Faculty of Medicine (ing.). I completed my\" \/>\n<meta property=\"og:url\" content=\"https:\/\/www.mehmetemincavus.com\/en\/about-me\/\" \/>\n<meta property=\"og:site_name\" content=\"Kbb Doktoru - Op. Dr. Mehmet Emin \u00c7avu\u015f\" \/>\n<meta property=\"article:modified_time\" content=\"2023-06-20T22:49:40+00:00\" \/>\n<meta property=\"og:image\" content=\"https:\/\/www.mehmetemincavus.com\/en\/wp-content\/uploads\/2023\/04\/WhatsApp-Image-2023-03-24-at-18.33.53-1-1024x768.jpeg\" \/>\n<meta name=\"twitter:card\" content=\"summary_large_image\" \/>\n<meta name=\"twitter:label1\" content=\"Est. reading time\" \/>\n\t<meta name=\"twitter:data1\" content=\"2 minutes\" \/>\n<script type=\"application\/ld+json\" class=\"yoast-schema-graph\">{\"@context\":\"https:\/\/schema.org\",\"@graph\":[{\"@type\":\"WebPage\",\"@id\":\"https:\/\/www.mehmetemincavus.com\/en\/about-me\/\",\"url\":\"https:\/\/www.mehmetemincavus.com\/en\/about-me\/\",\"name\":\"About Me - Op. Dr. Mehmet Emin \u00c7avu\u015f\",\"isPartOf\":{\"@id\":\"https:\/\/www.mehmetemincavus.com\/en\/#website\"},\"datePublished\":\"2023-04-09T11:29:32+00:00\",\"dateModified\":\"2023-06-20T22:49:40+00:00\",\"description\":\"Home Op. Dr. Mehmet Emin \u00c7avu\u015f About Me Op. Dr. Mehmet Emin \u00c7avu\u015f In 2009, I graduated from Hacettepe Unv. Faculty of Medicine (ing.). I completed my\",\"breadcrumb\":{\"@id\":\"https:\/\/www.mehmetemincavus.com\/en\/about-me\/#breadcrumb\"},\"inLanguage\":\"en-US\",\"potentialAction\":[{\"@type\":\"ReadAction\",\"target\":[\"https:\/\/www.mehmetemincavus.com\/en\/about-me\/\"]}]},{\"@type\":\"BreadcrumbList\",\"@id\":\"https:\/\/www.mehmetemincavus.com\/en\/about-me\/#breadcrumb\",\"itemListElement\":[{\"@type\":\"ListItem\",\"position\":1,\"name\":\"Anasayfa\",\"item\":\"https:\/\/www.mehmetemincavus.com\/en\/\"},{\"@type\":\"ListItem\",\"position\":2,\"name\":\"About Me\"}]},{\"@type\":\"WebSite\",\"@id\":\"https:\/\/www.mehmetemincavus.com\/en\/#website\",\"url\":\"https:\/\/www.mehmetemincavus.com\/en\/\",\"name\":\"Op. Dr. Mehmet Emin \u00c7avu\u015f\",\"description\":\"Kbb Uzman\u0131\",\"alternateName\":\"Kbb Uzman\u0131\",\"potentialAction\":[{\"@type\":\"SearchAction\",\"target\":{\"@type\":\"EntryPoint\",\"urlTemplate\":\"https:\/\/www.mehmetemincavus.com\/en\/?s={search_term_string}\"},\"query-input\":\"required name=search_term_string\"}],\"inLanguage\":\"en-US\"}]}<\/script>\n<!-- \/ Yoast SEO plugin. -->","yoast_head_json":{"title":"About Me - Op. Dr. Mehmet Emin \u00c7avu\u015f","description":"Home Op. Dr. Mehmet Emin \u00c7avu\u015f About Me Op. Dr. Mehmet Emin \u00c7avu\u015f In 2009, I graduated from Hacettepe Unv. Faculty of Medicine (ing.). I completed my","robots":{"index":"index","follow":"follow","max-snippet":"max-snippet:-1","max-image-preview":"max-image-preview:large","max-video-preview":"max-video-preview:-1"},"canonical":"https:\/\/www.mehmetemincavus.com\/en\/about-me\/","og_locale":"en_US","og_type":"article","og_title":"About Me - Op. Dr. Mehmet Emin \u00c7avu\u015f","og_description":"Home Op. Dr. Mehmet Emin \u00c7avu\u015f About Me Op. Dr. Mehmet Emin \u00c7avu\u015f In 2009, I graduated from Hacettepe Unv. Faculty of Medicine (ing.). I completed my","og_url":"https:\/\/www.mehmetemincavus.com\/en\/about-me\/","og_site_name":"Kbb Doktoru - Op. Dr. Mehmet Emin \u00c7avu\u015f","article_modified_time":"2023-06-20T22:49:40+00:00","og_image":[{"url":"https:\/\/www.mehmetemincavus.com\/en\/wp-content\/uploads\/2023\/04\/WhatsApp-Image-2023-03-24-at-18.33.53-1-1024x768.jpeg"}],"twitter_card":"summary_large_image","twitter_misc":{"Est. reading time":"2 minutes"},"schema":{"@context":"https:\/\/schema.org","@graph":[{"@type":"WebPage","@id":"https:\/\/www.mehmetemincavus.com\/en\/about-me\/","url":"https:\/\/www.mehmetemincavus.com\/en\/about-me\/","name":"About Me - Op. Dr. Mehmet Emin \u00c7avu\u015f","isPartOf":{"@id":"https:\/\/www.mehmetemincavus.com\/en\/#website"},"datePublished":"2023-04-09T11:29:32+00:00","dateModified":"2023-06-20T22:49:40+00:00","description":"Home Op. Dr. Mehmet Emin \u00c7avu\u015f About Me Op. Dr. Mehmet Emin \u00c7avu\u015f In 2009, I graduated from Hacettepe Unv. Faculty of Medicine (ing.). I completed my","breadcrumb":{"@id":"https:\/\/www.mehmetemincavus.com\/en\/about-me\/#breadcrumb"},"inLanguage":"en-US","potentialAction":[{"@type":"ReadAction","target":["https:\/\/www.mehmetemincavus.com\/en\/about-me\/"]}]},{"@type":"BreadcrumbList","@id":"https:\/\/www.mehmetemincavus.com\/en\/about-me\/#breadcrumb","itemListElement":[{"@type":"ListItem","position":1,"name":"Anasayfa","item":"https:\/\/www.mehmetemincavus.com\/en\/"},{"@type":"ListItem","position":2,"name":"About Me"}]},{"@type":"WebSite","@id":"https:\/\/www.mehmetemincavus.com\/en\/#website","url":"https:\/\/www.mehmetemincavus.com\/en\/","name":"Op. Dr. Mehmet Emin \u00c7avu\u015f","description":"Kbb Uzman\u0131","alternateName":"Kbb Uzman\u0131","potentialAction":[{"@type":"SearchAction","target":{"@type":"EntryPoint","urlTemplate":"https:\/\/www.mehmetemincavus.com\/en\/?s={search_term_string}"},"query-input":"required name=search_term_string"}],"inLanguage":"en-US"}]}},"_links":{"self":[{"href":"https:\/\/www.mehmetemincavus.com\/en\/wp-json\/wp\/v2\/pages\/220","targetHints":{"allow":["GET"]}}],"collection":[{"href":"https:\/\/www.mehmetemincavus.com\/en\/wp-json\/wp\/v2\/pages"}],"about":[{"href":"https:\/\/www.mehmetemincavus.com\/en\/wp-json\/wp\/v2\/types\/page"}],"author":[{"embeddable":true,"href":"https:\/\/www.mehmetemincavus.com\/en\/wp-json\/wp\/v2\/users\/1"}],"replies":[{"embeddable":true,"href":"https:\/\/www.mehmetemincavus.com\/en\/wp-json\/wp\/v2\/comments?post=220"}],"version-history":[{"count":33,"href":"https:\/\/www.mehmetemincavus.com\/en\/wp-json\/wp\/v2\/pages\/220\/revisions"}],"predecessor-version":[{"id":541,"href":"https:\/\/www.mehmetemincavus.com\/en\/wp-json\/wp\/v2\/pages\/220\/revisions\/541"}],"wp:attachment":[{"href":"https:\/\/www.mehmetemincavus.com\/en\/wp-json\/wp\/v2\/media?parent=220"}],"curies":[{"name":"wp","href":"https:\/\/api.w.org\/{rel}","templated":true}]}}